{"id":2,"date":"2013-01-20T19:30:53","date_gmt":"2013-01-20T17:30:53","guid":{"rendered":"http:\/\/www.bayraktar.at\/blog\/?page_id=2"},"modified":"2024-04-06T09:22:15","modified_gmt":"2024-04-06T07:22:15","slug":"archie","status":"publish","type":"page","link":"https:\/\/www.bayraktar.at\/blog\/","title":{"rendered":"Achmed Archie Bayraktar"},"content":{"rendered":"<h2><\/h2>\n<h2><\/h2>\n<h2><strong>Wer bin ich?<\/strong><\/h2>\n<p><b>Ich bin als Ausbildner und Techniker t\u00e4tig. In dieser Funktion biete ich diverse Leistungen an.<\/b><\/p>\n<ul>\n<li><a href=\"https:\/\/www.bayraktar.at\/blog\/ausbildnerqualifikation\">Weiterbildung<\/a> von Besitzern einer Lenkberechtigung, insbesondere in speziellen Fahrf\u00e4higkeiten nach \u00a7108a KFG (Fahrtechniktrainings, Vortr\u00e4ge zu Assistenzsystemen, etc&#8230;).<\/li>\n<li>Vortragst\u00e4tigkeit f\u00fcr die Fahrlehrerausbildung<\/li>\n<li>Lenkerpr\u00fcfer f\u00fcr die praktische Fahrpr\u00fcfung<\/li>\n<li>Autor von div. Lehrb\u00fcchern<\/li>\n<li>Technischer Support und EDV-Dienstleistungen<\/li>\n<\/ul>\n<h2>.kontakt<\/h2>\n<p>Sie wollen reden? Rufen Sie an oder kontaktieren Sie mich unter:<\/p>\n<p><a href=\"mailto:achmed@bayraktar.at\" target=\"_blank\" rel=\"noopener noreferrer\">achmed (at) bayraktar.at<\/a> |\u00a0\u00a0<a href=\"https:\/\/www.facebook.com\/archiebayraktar\/?ref=ts&amp;fref=ts#\" target=\"_blank\" rel=\"noopener noreferrer\">Facebook Seite<\/a>\u00a0|\u00a0\u00a0<a href=\"http:\/\/www.xing.com\/profile\/Achmed_Bayraktar\" target=\"_blank\" rel=\"noopener noreferrer\">Xing-Account<\/a>\u00a0| <a href=\"http:\/\/www.bayraktar.at\/blog\/kontakt\">Web<\/a><\/p>\n","protected":false},"excerpt":{"rendered":"<p>Wer bin ich? Ich bin als Ausbildner und Techniker t\u00e4tig. In dieser Funktion biete ich diverse Leistungen an. Weiterbildung von Besitzern einer Lenkberechtigung, insbesondere in speziellen Fahrf\u00e4higkeiten nach \u00a7108a KFG (Fahrtechniktrainings, Vortr\u00e4ge zu Assistenzsystemen, etc&#8230;). Vortragst\u00e4tigkeit f\u00fcr die Fahrlehrerausbildung Lenkerpr\u00fcfer f\u00fcr die praktische Fahrpr\u00fcfung Autor von div. Lehrb\u00fcchern Technischer Support und EDV-Dienstleistungen .kontakt Sie wollen&hellip;&nbsp;<a href=\"https:\/\/www.bayraktar.at\/blog\/\" class=\"\" rel=\"bookmark\">Mehr lesen &raquo;<span class=\"screen-reader-text\">Achmed Archie Bayraktar<\/span><\/a><\/p>\n","protected":false},"author":1,"featured_media":0,"parent":0,"menu_order":0,"comment_status":"closed","ping_status":"closed","template":"","meta":{"neve_meta_sidebar":"","neve_meta_container":"","neve_meta_enable_content_width":"","neve_meta_content_width":0,"neve_meta_title_alignment":"","neve_meta_author_avatar":"","neve_post_elements_order":"","neve_meta_disable_header":"","neve_meta_disable_footer":"","neve_meta_disable_title":"","neve_meta_reading_time":"","jetpack_post_was_ever_published":false,"footnotes":""},"jetpack_shortlink":"https:\/\/wp.me\/P3cWhI-2","jetpack_sharing_enabled":true,"_links":{"self":[{"href":"https:\/\/www.bayraktar.at\/blog\/wp-json\/wp\/v2\/pages\/2"}],"collection":[{"href":"https:\/\/www.bayraktar.at\/blog\/wp-json\/wp\/v2\/pages"}],"about":[{"href":"https:\/\/www.bayraktar.at\/blog\/wp-json\/wp\/v2\/types\/page"}],"author":[{"embeddable":true,"href":"https:\/\/www.bayraktar.at\/blog\/wp-json\/wp\/v2\/users\/1"}],"replies":[{"embeddable":true,"href":"https:\/\/www.bayraktar.at\/blog\/wp-json\/wp\/v2\/comments?post=2"}],"version-history":[{"count":62,"href":"https:\/\/www.bayraktar.at\/blog\/wp-json\/wp\/v2\/pages\/2\/revisions"}],"predecessor-version":[{"id":352,"href":"https:\/\/www.bayraktar.at\/blog\/wp-json\/wp\/v2\/pages\/2\/revisions\/352"}],"wp:attachment":[{"href":"https:\/\/www.bayraktar.at\/blog\/wp-json\/wp\/v2\/media?parent=2"}],"curies":[{"name":"wp","href":"https:\/\/api.w.org\/{rel}","templated":true}]}}